{"id":620,"date":"2025-05-14T12:14:54","date_gmt":"2025-05-14T09:14:54","guid":{"rendered":"https:\/\/drhalilarslankaya.com\/?page_id=620"},"modified":"2025-05-14T12:18:42","modified_gmt":"2025-05-14T09:18:42","slug":"ilgi-alanlari","status":"publish","type":"page","link":"https:\/\/drhalilarslankaya.com\/?page_id=620","title":{"rendered":"Anla\u015fmal\u0131 Kurumlar"},"content":{"rendered":"\t\t<div data-elementor-type=\"wp-post\" data-elementor-id=\"620\" class=\"elementor elementor-620\" data-elementor-settings=\"[]\">\n\t\t\t\t\t\t\t<div class=\"elementor-section-wrap\">\n\t\t\t\t\t\t\t<section class=\"elementor-section elementor-top-section elementor-element elementor-element-92eec60 elementor-section-boxed elementor-section-height-default elementor-section-height-default\" data-id=\"92eec60\" data-element_type=\"section\" data-settings=\"{&quot;background_background&quot;:&quot;classic&quot;}\">\n\t\t\t\t\t\t<div class=\"elementor-container elementor-column-gap-no\">\n\t\t\t\t\t<div class=\"elementor-column elementor-col-100 elementor-top-column elementor-element elementor-element-679ed2d\" data-id=\"679ed2d\" data-element_type=\"column\">\n\t\t\t<div class=\"elementor-widget-wrap elementor-element-populated\">\n\t\t\t\t\t\t\t\t<div class=\"elementor-element elementor-element-efb28d7 elementor-widget elementor-widget-image\" data-id=\"efb28d7\" data-element_type=\"widget\" data-widget_type=\"image.default\">\n\t\t\t\t<div class=\"elementor-widget-container\">\n\t\t\t\t\t\t\t\t\t\t\t\t\t\t\t<img decoding=\"async\" width=\"576\" height=\"1024\" src=\"https:\/\/drhalilarslankaya.com\/wp-content\/uploads\/2025\/05\/e348274b-f8f8-41a2-99c1-97c5d43f16a8-576x1024.jpeg\" class=\"attachment-large size-large\" alt=\"\" loading=\"lazy\" srcset=\"https:\/\/drhalilarslankaya.com\/wp-content\/uploads\/2025\/05\/e348274b-f8f8-41a2-99c1-97c5d43f16a8-576x1024.jpeg 576w, https:\/\/drhalilarslankaya.com\/wp-content\/uploads\/2025\/05\/e348274b-f8f8-41a2-99c1-97c5d43f16a8-169x300.jpeg 169w, https:\/\/drhalilarslankaya.com\/wp-content\/uploads\/2025\/05\/e348274b-f8f8-41a2-99c1-97c5d43f16a8-768x1365.jpeg 768w, https:\/\/drhalilarslankaya.com\/wp-content\/uploads\/2025\/05\/e348274b-f8f8-41a2-99c1-97c5d43f16a8-864x1536.jpeg 864w, https:\/\/drhalilarslankaya.com\/wp-content\/uploads\/2025\/05\/e348274b-f8f8-41a2-99c1-97c5d43f16a8-562x999.jpeg 562w, https:\/\/drhalilarslankaya.com\/wp-content\/uploads\/2025\/05\/e348274b-f8f8-41a2-99c1-97c5d43f16a8-500x889.jpeg 500w, https:\/\/drhalilarslankaya.com\/wp-content\/uploads\/2025\/05\/e348274b-f8f8-41a2-99c1-97c5d43f16a8.jpeg 900w\" sizes=\"(max-width: 576px) 100vw, 576px\" \/>\t\t\t\t\t\t\t\t\t\t\t\t\t\t\t<\/div>\n\t\t\t\t<\/div>\n\t\t\t\t\t<\/div>\n\t\t<\/div>\n\t\t\t\t\t\t\t<\/div>\n\t\t<\/section>\n\t\t\t\t\t\t<\/div>\n\t\t\t\t\t<\/div>\n\t\t","protected":false},"excerpt":{"rendered":"","protected":false},"author":1,"featured_media":0,"parent":0,"menu_order":0,"comment_status":"closed","ping_status":"closed","template":"page-templates\/fullwidth-content.php","meta":{"om_disable_all_campaigns":false,"_monsterinsights_skip_tracking":false,"_monsterinsights_sitenote_active":false,"_monsterinsights_sitenote_note":"","_monsterinsights_sitenote_category":0},"yoast_head":"<!-- This site is optimized with the Yoast SEO plugin v17.4 - https:\/\/yoast.com\/wordpress\/plugins\/seo\/ -->\n<title>Anla\u015fmal\u0131 Kurumlar - Dr. Halil Arslankaya<\/title>\n<meta name=\"robots\" content=\"index, follow, max-snippet:-1, max-image-preview:large, max-video-preview:-1\" \/>\n<link rel=\"canonical\" href=\"https:\/\/drhalilarslankaya.com\/?page_id=620\" \/>\n<meta property=\"og:locale\" content=\"en_US\" \/>\n<meta property=\"og:type\" content=\"article\" \/>\n<meta property=\"og:title\" content=\"Anla\u015fmal\u0131 Kurumlar - Dr. Halil Arslankaya\" \/>\n<meta property=\"og:url\" content=\"https:\/\/drhalilarslankaya.com\/?page_id=620\" \/>\n<meta property=\"og:site_name\" content=\"Dr. Halil Arslankaya\" \/>\n<meta property=\"article:modified_time\" content=\"2025-05-14T09:18:42+00:00\" \/>\n<meta property=\"og:image\" content=\"https:\/\/drhalilarslankaya.com\/wp-content\/uploads\/2025\/05\/e348274b-f8f8-41a2-99c1-97c5d43f16a8-576x1024.jpeg\" \/>\n<meta name=\"twitter:card\" content=\"summary_large_image\" \/>\n<meta name=\"twitter:label1\" content=\"Est. reading time\" \/>\n\t<meta name=\"twitter:data1\" content=\"1 minute\" \/>\n<script type=\"application\/ld+json\" class=\"yoast-schema-graph\">{\"@context\":\"https:\/\/schema.org\",\"@graph\":[{\"@type\":\"WebSite\",\"@id\":\"https:\/\/drhalilarslankaya.com\/#website\",\"url\":\"https:\/\/drhalilarslankaya.com\/\",\"name\":\"Dr. Halil Arslankaya\",\"description\":\"\\u00c7ocuk Sa\\u011fl\\u0131\\u011f\\u0131 ve Hastal\\u0131klar\\u0131 Uzman\\u0131\",\"potentialAction\":[{\"@type\":\"SearchAction\",\"target\":{\"@type\":\"EntryPoint\",\"urlTemplate\":\"https:\/\/drhalilarslankaya.com\/?s={search_term_string}\"},\"query-input\":\"required name=search_term_string\"}],\"inLanguage\":\"en-US\"},{\"@type\":\"ImageObject\",\"@id\":\"https:\/\/drhalilarslankaya.com\/?page_id=620#primaryimage\",\"inLanguage\":\"en-US\",\"url\":\"https:\/\/drhalilarslankaya.com\/wp-content\/uploads\/2025\/05\/e348274b-f8f8-41a2-99c1-97c5d43f16a8.jpeg\",\"contentUrl\":\"https:\/\/drhalilarslankaya.com\/wp-content\/uploads\/2025\/05\/e348274b-f8f8-41a2-99c1-97c5d43f16a8.jpeg\",\"width\":900,\"height\":1600},{\"@type\":\"WebPage\",\"@id\":\"https:\/\/drhalilarslankaya.com\/?page_id=620#webpage\",\"url\":\"https:\/\/drhalilarslankaya.com\/?page_id=620\",\"name\":\"Anla\\u015fmal\\u0131 Kurumlar - Dr. Halil Arslankaya\",\"isPartOf\":{\"@id\":\"https:\/\/drhalilarslankaya.com\/#website\"},\"primaryImageOfPage\":{\"@id\":\"https:\/\/drhalilarslankaya.com\/?page_id=620#primaryimage\"},\"datePublished\":\"2025-05-14T09:14:54+00:00\",\"dateModified\":\"2025-05-14T09:18:42+00:00\",\"breadcrumb\":{\"@id\":\"https:\/\/drhalilarslankaya.com\/?page_id=620#breadcrumb\"},\"inLanguage\":\"en-US\",\"potentialAction\":[{\"@type\":\"ReadAction\",\"target\":[\"https:\/\/drhalilarslankaya.com\/?page_id=620\"]}]},{\"@type\":\"BreadcrumbList\",\"@id\":\"https:\/\/drhalilarslankaya.com\/?page_id=620#breadcrumb\",\"itemListElement\":[{\"@type\":\"ListItem\",\"position\":1,\"name\":\"Ana Safya\",\"item\":\"https:\/\/drhalilarslankaya.com\/\"},{\"@type\":\"ListItem\",\"position\":2,\"name\":\"Anla\\u015fmal\\u0131 Kurumlar\"}]}]}<\/script>\n<!-- \/ Yoast SEO plugin. -->","yoast_head_json":{"title":"Anla\u015fmal\u0131 Kurumlar - Dr. Halil Arslankaya","robots":{"index":"index","follow":"follow","max-snippet":"max-snippet:-1","max-image-preview":"max-image-preview:large","max-video-preview":"max-video-preview:-1"},"canonical":"https:\/\/drhalilarslankaya.com\/?page_id=620","og_locale":"en_US","og_type":"article","og_title":"Anla\u015fmal\u0131 Kurumlar - Dr. Halil Arslankaya","og_url":"https:\/\/drhalilarslankaya.com\/?page_id=620","og_site_name":"Dr. Halil Arslankaya","article_modified_time":"2025-05-14T09:18:42+00:00","og_image":[{"url":"https:\/\/drhalilarslankaya.com\/wp-content\/uploads\/2025\/05\/e348274b-f8f8-41a2-99c1-97c5d43f16a8-576x1024.jpeg"}],"twitter_card":"summary_large_image","twitter_misc":{"Est. reading time":"1 minute"},"schema":{"@context":"https:\/\/schema.org","@graph":[{"@type":"WebSite","@id":"https:\/\/drhalilarslankaya.com\/#website","url":"https:\/\/drhalilarslankaya.com\/","name":"Dr. Halil Arslankaya","description":"\u00c7ocuk Sa\u011fl\u0131\u011f\u0131 ve Hastal\u0131klar\u0131 Uzman\u0131","potentialAction":[{"@type":"SearchAction","target":{"@type":"EntryPoint","urlTemplate":"https:\/\/drhalilarslankaya.com\/?s={search_term_string}"},"query-input":"required name=search_term_string"}],"inLanguage":"en-US"},{"@type":"ImageObject","@id":"https:\/\/drhalilarslankaya.com\/?page_id=620#primaryimage","inLanguage":"en-US","url":"https:\/\/drhalilarslankaya.com\/wp-content\/uploads\/2025\/05\/e348274b-f8f8-41a2-99c1-97c5d43f16a8.jpeg","contentUrl":"https:\/\/drhalilarslankaya.com\/wp-content\/uploads\/2025\/05\/e348274b-f8f8-41a2-99c1-97c5d43f16a8.jpeg","width":900,"height":1600},{"@type":"WebPage","@id":"https:\/\/drhalilarslankaya.com\/?page_id=620#webpage","url":"https:\/\/drhalilarslankaya.com\/?page_id=620","name":"Anla\u015fmal\u0131 Kurumlar - Dr. Halil Arslankaya","isPartOf":{"@id":"https:\/\/drhalilarslankaya.com\/#website"},"primaryImageOfPage":{"@id":"https:\/\/drhalilarslankaya.com\/?page_id=620#primaryimage"},"datePublished":"2025-05-14T09:14:54+00:00","dateModified":"2025-05-14T09:18:42+00:00","breadcrumb":{"@id":"https:\/\/drhalilarslankaya.com\/?page_id=620#breadcrumb"},"inLanguage":"en-US","potentialAction":[{"@type":"ReadAction","target":["https:\/\/drhalilarslankaya.com\/?page_id=620"]}]},{"@type":"BreadcrumbList","@id":"https:\/\/drhalilarslankaya.com\/?page_id=620#breadcrumb","itemListElement":[{"@type":"ListItem","position":1,"name":"Ana Safya","item":"https:\/\/drhalilarslankaya.com\/"},{"@type":"ListItem","position":2,"name":"Anla\u015fmal\u0131 Kurumlar"}]}]}},"_links":{"self":[{"href":"https:\/\/drhalilarslankaya.com\/index.php?rest_route=\/wp\/v2\/pages\/620"}],"collection":[{"href":"https:\/\/drhalilarslankaya.com\/index.php?rest_route=\/wp\/v2\/pages"}],"about":[{"href":"https:\/\/drhalilarslankaya.com\/index.php?rest_route=\/wp\/v2\/types\/page"}],"author":[{"embeddable":true,"href":"https:\/\/drhalilarslankaya.com\/index.php?rest_route=\/wp\/v2\/users\/1"}],"replies":[{"embeddable":true,"href":"https:\/\/drhalilarslankaya.com\/index.php?rest_route=%2Fwp%2Fv2%2Fcomments&post=620"}],"version-history":[{"count":4,"href":"https:\/\/drhalilarslankaya.com\/index.php?rest_route=\/wp\/v2\/pages\/620\/revisions"}],"predecessor-version":[{"id":624,"href":"https:\/\/drhalilarslankaya.com\/index.php?rest_route=\/wp\/v2\/pages\/620\/revisions\/624"}],"wp:attachment":[{"href":"https:\/\/drhalilarslankaya.com\/index.php?rest_route=%2Fwp%2Fv2%2Fmedia&parent=620"}],"curies":[{"name":"wp","href":"https:\/\/api.w.org\/{rel}","templated":true}]}}