{"id":16,"date":"2019-02-18T13:48:15","date_gmt":"2019-02-18T13:48:15","guid":{"rendered":"https:\/\/ld-wp73.template-help.com\/free\/dialoom\/?page_id=16"},"modified":"2025-09-30T10:54:18","modified_gmt":"2025-09-30T07:54:18","slug":"hakkinda","status":"publish","type":"page","link":"https:\/\/drhalilarslankaya.com\/?page_id=16","title":{"rendered":"Hakk\u0131nda"},"content":{"rendered":"\t\t<div data-elementor-type=\"wp-post\" data-elementor-id=\"16\" class=\"elementor elementor-16\" data-elementor-settings=\"[]\">\n\t\t\t\t\t\t\t<div class=\"elementor-section-wrap\">\n\t\t\t\t\t\t\t<section class=\"elementor-section elementor-top-section elementor-element elementor-element-4c541b8 elementor-section-full_width elementor-section-height-default elementor-section-height-default\" data-id=\"4c541b8\" data-element_type=\"section\" data-settings=\"{&quot;background_background&quot;:&quot;classic&quot;}\">\n\t\t\t\t\t\t<div class=\"elementor-container elementor-column-gap-no\">\n\t\t\t\t\t<div class=\"elementor-column elementor-col-50 elementor-top-column elementor-element elementor-element-6a7e8ac\" data-id=\"6a7e8ac\" data-element_type=\"column\">\n\t\t\t<div class=\"elementor-widget-wrap elementor-element-populated\">\n\t\t\t\t\t\t\t\t<div class=\"elementor-element elementor-element-8ab4950 elementor-widget elementor-widget-image\" data-id=\"8ab4950\" data-element_type=\"widget\" data-widget_type=\"image.default\">\n\t\t\t\t<div class=\"elementor-widget-container\">\n\t\t\t\t\t\t\t\t\t\t\t\t\t\t\t<img decoding=\"async\" width=\"460\" height=\"600\" src=\"https:\/\/drhalilarslankaya.com\/wp-content\/uploads\/2021\/11\/halil-arslankaya-banner.png\" class=\"attachment-large size-large\" alt=\"\" loading=\"lazy\" srcset=\"https:\/\/drhalilarslankaya.com\/wp-content\/uploads\/2021\/11\/halil-arslankaya-banner.png 460w, https:\/\/drhalilarslankaya.com\/wp-content\/uploads\/2021\/11\/halil-arslankaya-banner-230x300.png 230w\" sizes=\"(max-width: 460px) 100vw, 460px\" \/>\t\t\t\t\t\t\t\t\t\t\t\t\t\t\t<\/div>\n\t\t\t\t<\/div>\n\t\t\t\t\t<\/div>\n\t\t<\/div>\n\t\t\t\t<div class=\"elementor-column elementor-col-50 elementor-top-column elementor-element elementor-element-ad7305f\" data-id=\"ad7305f\" data-element_type=\"column\" data-settings=\"{&quot;background_background&quot;:&quot;classic&quot;}\">\n\t\t\t<div class=\"elementor-widget-wrap elementor-element-populated\">\n\t\t\t\t\t\t\t\t<div class=\"elementor-element elementor-element-69ecd38 elementor-widget elementor-widget-heading\" data-id=\"69ecd38\" data-element_type=\"widget\" data-widget_type=\"heading.default\">\n\t\t\t\t<div class=\"elementor-widget-container\">\n\t\t\t<h3 class=\"elementor-heading-title elementor-size-default\">HAKKINDA\n\n<\/h3>\t\t<\/div>\n\t\t\t\t<\/div>\n\t\t\t\t<div class=\"elementor-element elementor-element-93def8d elementor-widget elementor-widget-text-editor\" data-id=\"93def8d\" data-element_type=\"widget\" data-widget_type=\"text-editor.default\">\n\t\t\t\t<div class=\"elementor-widget-container\">\n\t\t\t\t\t\t\t<p><strong>\u0130stanbul \u00dcniversitesi Cerrahpa\u015fa T\u0131p Fak\u00fcltesi\u2019nde e\u011fitim g\u00f6rd\u00fckten sonra s\u0131ras\u0131yla a\u015fa\u011f\u0131daki kurumlarda \u00e7al\u0131\u015fm\u0131\u015ft\u0131r.<\/strong><\/p><ul><li><strong>Sivas \u2013 Koyulhisar Sa\u011fl\u0131k Grup Ba\u015fkanl\u0131\u011f\u0131<\/strong><\/li><li><strong>Bak\u0131rk\u00f6y Yenimahalle Kad\u0131n Do\u011fum ve \u00c7ocuk Hastal\u0131klar\u0131 Hastanesi<\/strong><\/li><li><strong>Derince SSK Hastanesi<\/strong><\/li><li><strong>\u00d6zel Konak Hastanesi<\/strong><\/li><li><strong>\u00d6zel Kocaeli Ac\u0131badem Hastanesi\u00a0<\/strong><\/li><li><strong>Sakarya \u2013 Serdivan Muayenehane\u00a0<\/strong><\/li><li><strong>Kocaeli &#8211; Yahya Kaptan Muayenehane<\/strong><\/li><\/ul>\t\t\t\t\t\t<\/div>\n\t\t\t\t<\/div>\n\t\t\t\t\t<\/div>\n\t\t<\/div>\n\t\t\t\t\t\t\t<\/div>\n\t\t<\/section>\n\t\t\t\t\t\t<\/div>\n\t\t\t\t\t<\/div>\n\t\t","protected":false},"excerpt":{"rendered":"<p>HAKKINDA \u0130stanbul \u00dcniversitesi Cerrahpa\u015fa T\u0131p Fak\u00fcltesi\u2019nde e\u011fitim g\u00f6rd\u00fckten sonra s\u0131ras\u0131yla a\u015fa\u011f\u0131daki kurumlarda \u00e7al\u0131\u015fm\u0131\u015ft\u0131r. Sivas \u2013 Koyulhisar Sa\u011fl\u0131k Grup Ba\u015fkanl\u0131\u011f\u0131 Bak\u0131rk\u00f6y Yenimahalle Kad\u0131n Do\u011fum ve \u00c7ocuk Hastal\u0131klar\u0131 Hastanesi Derince SSK Hastanesi \u00d6zel Konak Hastanesi \u00d6zel Kocaeli Ac\u0131badem Hastanesi\u00a0 Sakarya \u2013 Serdivan Muayenehane\u00a0 Kocaeli &#8211; Yahya Kaptan Muayenehane<\/p>\n","protected":false},"author":1,"featured_media":0,"parent":0,"menu_order":0,"comment_status":"closed","ping_status":"closed","template":"page-templates\/fullwidth-content.php","meta":{"om_disable_all_campaigns":false,"_monsterinsights_skip_tracking":false,"_monsterinsights_sitenote_active":false,"_monsterinsights_sitenote_note":"","_monsterinsights_sitenote_category":0},"yoast_head":"<!-- This site is optimized with the Yoast SEO plugin v17.4 - https:\/\/yoast.com\/wordpress\/plugins\/seo\/ -->\n<title>Hakk\u0131nda - Dr. Halil Arslankaya<\/title>\n<meta name=\"robots\" content=\"index, follow, max-snippet:-1, max-image-preview:large, max-video-preview:-1\" \/>\n<link rel=\"canonical\" href=\"https:\/\/drhalilarslankaya.com\/?page_id=16\" \/>\n<meta property=\"og:locale\" content=\"en_US\" \/>\n<meta property=\"og:type\" content=\"article\" \/>\n<meta property=\"og:title\" content=\"Hakk\u0131nda - Dr. Halil Arslankaya\" \/>\n<meta property=\"og:description\" content=\"HAKKINDA \u0130stanbul \u00dcniversitesi Cerrahpa\u015fa T\u0131p Fak\u00fcltesi\u2019nde e\u011fitim g\u00f6rd\u00fckten sonra s\u0131ras\u0131yla a\u015fa\u011f\u0131daki kurumlarda \u00e7al\u0131\u015fm\u0131\u015ft\u0131r. Sivas \u2013 Koyulhisar Sa\u011fl\u0131k Grup Ba\u015fkanl\u0131\u011f\u0131 Bak\u0131rk\u00f6y Yenimahalle Kad\u0131n Do\u011fum ve \u00c7ocuk Hastal\u0131klar\u0131 Hastanesi Derince SSK Hastanesi \u00d6zel Konak Hastanesi \u00d6zel Kocaeli Ac\u0131badem Hastanesi\u00a0 Sakarya \u2013 Serdivan Muayenehane\u00a0 Kocaeli &#8211; Yahya Kaptan Muayenehane\" \/>\n<meta property=\"og:url\" content=\"https:\/\/drhalilarslankaya.com\/?page_id=16\" \/>\n<meta property=\"og:site_name\" content=\"Dr. Halil Arslankaya\" \/>\n<meta property=\"article:modified_time\" content=\"2025-09-30T07:54:18+00:00\" \/>\n<meta property=\"og:image\" content=\"https:\/\/drhalilarslankaya.com\/wp-content\/uploads\/2021\/11\/halil-arslankaya-banner.png\" \/>\n<meta name=\"twitter:card\" content=\"summary_large_image\" \/>\n<meta name=\"twitter:label1\" content=\"Est. reading time\" \/>\n\t<meta name=\"twitter:data1\" content=\"1 minute\" \/>\n<script type=\"application\/ld+json\" class=\"yoast-schema-graph\">{\"@context\":\"https:\/\/schema.org\",\"@graph\":[{\"@type\":\"WebSite\",\"@id\":\"https:\/\/drhalilarslankaya.com\/#website\",\"url\":\"https:\/\/drhalilarslankaya.com\/\",\"name\":\"Dr. Halil Arslankaya\",\"description\":\"\\u00c7ocuk Sa\\u011fl\\u0131\\u011f\\u0131 ve Hastal\\u0131klar\\u0131 Uzman\\u0131\",\"potentialAction\":[{\"@type\":\"SearchAction\",\"target\":{\"@type\":\"EntryPoint\",\"urlTemplate\":\"https:\/\/drhalilarslankaya.com\/?s={search_term_string}\"},\"query-input\":\"required name=search_term_string\"}],\"inLanguage\":\"en-US\"},{\"@type\":\"ImageObject\",\"@id\":\"https:\/\/drhalilarslankaya.com\/?page_id=16#primaryimage\",\"inLanguage\":\"en-US\",\"url\":\"https:\/\/drhalilarslankaya.com\/wp-content\/uploads\/2021\/11\/halil-arslankaya-banner.png\",\"contentUrl\":\"https:\/\/drhalilarslankaya.com\/wp-content\/uploads\/2021\/11\/halil-arslankaya-banner.png\",\"width\":460,\"height\":600},{\"@type\":\"WebPage\",\"@id\":\"https:\/\/drhalilarslankaya.com\/?page_id=16#webpage\",\"url\":\"https:\/\/drhalilarslankaya.com\/?page_id=16\",\"name\":\"Hakk\\u0131nda - Dr. Halil Arslankaya\",\"isPartOf\":{\"@id\":\"https:\/\/drhalilarslankaya.com\/#website\"},\"primaryImageOfPage\":{\"@id\":\"https:\/\/drhalilarslankaya.com\/?page_id=16#primaryimage\"},\"datePublished\":\"2019-02-18T13:48:15+00:00\",\"dateModified\":\"2025-09-30T07:54:18+00:00\",\"breadcrumb\":{\"@id\":\"https:\/\/drhalilarslankaya.com\/?page_id=16#breadcrumb\"},\"inLanguage\":\"en-US\",\"potentialAction\":[{\"@type\":\"ReadAction\",\"target\":[\"https:\/\/drhalilarslankaya.com\/?page_id=16\"]}]},{\"@type\":\"BreadcrumbList\",\"@id\":\"https:\/\/drhalilarslankaya.com\/?page_id=16#breadcrumb\",\"itemListElement\":[{\"@type\":\"ListItem\",\"position\":1,\"name\":\"Ana Safya\",\"item\":\"https:\/\/drhalilarslankaya.com\/\"},{\"@type\":\"ListItem\",\"position\":2,\"name\":\"Hakk\\u0131nda\"}]}]}<\/script>\n<!-- \/ Yoast SEO plugin. -->","yoast_head_json":{"title":"Hakk\u0131nda - Dr. Halil Arslankaya","robots":{"index":"index","follow":"follow","max-snippet":"max-snippet:-1","max-image-preview":"max-image-preview:large","max-video-preview":"max-video-preview:-1"},"canonical":"https:\/\/drhalilarslankaya.com\/?page_id=16","og_locale":"en_US","og_type":"article","og_title":"Hakk\u0131nda - Dr. Halil Arslankaya","og_description":"HAKKINDA \u0130stanbul \u00dcniversitesi Cerrahpa\u015fa T\u0131p Fak\u00fcltesi\u2019nde e\u011fitim g\u00f6rd\u00fckten sonra s\u0131ras\u0131yla a\u015fa\u011f\u0131daki kurumlarda \u00e7al\u0131\u015fm\u0131\u015ft\u0131r. Sivas \u2013 Koyulhisar Sa\u011fl\u0131k Grup Ba\u015fkanl\u0131\u011f\u0131 Bak\u0131rk\u00f6y Yenimahalle Kad\u0131n Do\u011fum ve \u00c7ocuk Hastal\u0131klar\u0131 Hastanesi Derince SSK Hastanesi \u00d6zel Konak Hastanesi \u00d6zel Kocaeli Ac\u0131badem Hastanesi\u00a0 Sakarya \u2013 Serdivan Muayenehane\u00a0 Kocaeli &#8211; Yahya Kaptan Muayenehane","og_url":"https:\/\/drhalilarslankaya.com\/?page_id=16","og_site_name":"Dr. Halil Arslankaya","article_modified_time":"2025-09-30T07:54:18+00:00","og_image":[{"url":"https:\/\/drhalilarslankaya.com\/wp-content\/uploads\/2021\/11\/halil-arslankaya-banner.png"}],"twitter_card":"summary_large_image","twitter_misc":{"Est. reading time":"1 minute"},"schema":{"@context":"https:\/\/schema.org","@graph":[{"@type":"WebSite","@id":"https:\/\/drhalilarslankaya.com\/#website","url":"https:\/\/drhalilarslankaya.com\/","name":"Dr. Halil Arslankaya","description":"\u00c7ocuk Sa\u011fl\u0131\u011f\u0131 ve Hastal\u0131klar\u0131 Uzman\u0131","potentialAction":[{"@type":"SearchAction","target":{"@type":"EntryPoint","urlTemplate":"https:\/\/drhalilarslankaya.com\/?s={search_term_string}"},"query-input":"required name=search_term_string"}],"inLanguage":"en-US"},{"@type":"ImageObject","@id":"https:\/\/drhalilarslankaya.com\/?page_id=16#primaryimage","inLanguage":"en-US","url":"https:\/\/drhalilarslankaya.com\/wp-content\/uploads\/2021\/11\/halil-arslankaya-banner.png","contentUrl":"https:\/\/drhalilarslankaya.com\/wp-content\/uploads\/2021\/11\/halil-arslankaya-banner.png","width":460,"height":600},{"@type":"WebPage","@id":"https:\/\/drhalilarslankaya.com\/?page_id=16#webpage","url":"https:\/\/drhalilarslankaya.com\/?page_id=16","name":"Hakk\u0131nda - Dr. Halil Arslankaya","isPartOf":{"@id":"https:\/\/drhalilarslankaya.com\/#website"},"primaryImageOfPage":{"@id":"https:\/\/drhalilarslankaya.com\/?page_id=16#primaryimage"},"datePublished":"2019-02-18T13:48:15+00:00","dateModified":"2025-09-30T07:54:18+00:00","breadcrumb":{"@id":"https:\/\/drhalilarslankaya.com\/?page_id=16#breadcrumb"},"inLanguage":"en-US","potentialAction":[{"@type":"ReadAction","target":["https:\/\/drhalilarslankaya.com\/?page_id=16"]}]},{"@type":"BreadcrumbList","@id":"https:\/\/drhalilarslankaya.com\/?page_id=16#breadcrumb","itemListElement":[{"@type":"ListItem","position":1,"name":"Ana Safya","item":"https:\/\/drhalilarslankaya.com\/"},{"@type":"ListItem","position":2,"name":"Hakk\u0131nda"}]}]}},"_links":{"self":[{"href":"https:\/\/drhalilarslankaya.com\/index.php?rest_route=\/wp\/v2\/pages\/16"}],"collection":[{"href":"https:\/\/drhalilarslankaya.com\/index.php?rest_route=\/wp\/v2\/pages"}],"about":[{"href":"https:\/\/drhalilarslankaya.com\/index.php?rest_route=\/wp\/v2\/types\/page"}],"author":[{"embeddable":true,"href":"https:\/\/drhalilarslankaya.com\/index.php?rest_route=\/wp\/v2\/users\/1"}],"replies":[{"embeddable":true,"href":"https:\/\/drhalilarslankaya.com\/index.php?rest_route=%2Fwp%2Fv2%2Fcomments&post=16"}],"version-history":[{"count":3,"href":"https:\/\/drhalilarslankaya.com\/index.php?rest_route=\/wp\/v2\/pages\/16\/revisions"}],"predecessor-version":[{"id":629,"href":"https:\/\/drhalilarslankaya.com\/index.php?rest_route=\/wp\/v2\/pages\/16\/revisions\/629"}],"wp:attachment":[{"href":"https:\/\/drhalilarslankaya.com\/index.php?rest_route=%2Fwp%2Fv2%2Fmedia&parent=16"}],"curies":[{"name":"wp","href":"https:\/\/api.w.org\/{rel}","templated":true}]}}