{"id":12,"date":"2019-02-18T13:47:35","date_gmt":"2019-02-18T13:47:35","guid":{"rendered":"https:\/\/ld-wp73.template-help.com\/free\/dialoom\/?page_id=12"},"modified":"2025-03-21T17:57:37","modified_gmt":"2025-03-21T14:57:37","slug":"iletisim","status":"publish","type":"page","link":"https:\/\/drhalilarslankaya.com\/?page_id=12","title":{"rendered":"\u0130leti\u015fim"},"content":{"rendered":"\t\t<div data-elementor-type=\"wp-post\" data-elementor-id=\"12\" class=\"elementor elementor-12\" data-elementor-settings=\"[]\">\n\t\t\t\t\t\t\t<div class=\"elementor-section-wrap\">\n\t\t\t\t\t\t\t<section class=\"elementor-section elementor-top-section elementor-element elementor-element-fa3e757 elementor-section-boxed elementor-section-height-default elementor-section-height-default\" data-id=\"fa3e757\" data-element_type=\"section\" data-settings=\"{&quot;background_background&quot;:&quot;classic&quot;}\">\n\t\t\t\t\t\t<div class=\"elementor-container elementor-column-gap-no\">\n\t\t\t\t\t<div class=\"elementor-column elementor-col-33 elementor-top-column elementor-element elementor-element-b1aec75\" data-id=\"b1aec75\" data-element_type=\"column\">\n\t\t\t<div class=\"elementor-widget-wrap elementor-element-populated\">\n\t\t\t\t\t\t\t\t<div class=\"elementor-element elementor-element-b18d79f elementor-widget elementor-widget-text-editor\" data-id=\"b18d79f\" data-element_type=\"widget\" data-widget_type=\"text-editor.default\">\n\t\t\t\t<div class=\"elementor-widget-container\">\n\t\t\t\t\t\t\t<p><em><span style=\"text-decoration: underline;\"><strong>Adres:<\/strong><\/span><\/em><\/p><p>Yahyakaptan, \u015eht. Ali \u0130hsan \u00c7akmak Sk. No:10 Kat:1, 41100 \u0130zmit\/Kocaeli<\/p>\t\t\t\t\t\t<\/div>\n\t\t\t\t<\/div>\n\t\t\t\t\t<\/div>\n\t\t<\/div>\n\t\t\t\t<div class=\"elementor-column elementor-col-33 elementor-top-column elementor-element elementor-element-54ccdea\" data-id=\"54ccdea\" data-element_type=\"column\">\n\t\t\t<div class=\"elementor-widget-wrap elementor-element-populated\">\n\t\t\t\t\t\t\t\t<div class=\"elementor-element elementor-element-fb393a3 elementor-widget elementor-widget-text-editor\" data-id=\"fb393a3\" data-element_type=\"widget\" data-widget_type=\"text-editor.default\">\n\t\t\t\t<div class=\"elementor-widget-container\">\n\t\t\t\t\t\t\t<p><em><span style=\"text-decoration: underline;\"><strong>\u00c7al\u0131\u015fma Saatleri:<\/strong><\/span><\/em><\/p><p>Pzt: 09:00\u201318:00<br \/>Sal: 09:00\u201318:00<br \/>\u00c7ar: 09:00\u201318:00<br \/>Per: 09:00\u201318:00<br \/>Cum: 09:00\u201318:00<br \/>Cmt: 09:00\u201318:00<br \/>Paz: Kapal\u0131<\/p><p>\u00a0<\/p><p>\u00a0<\/p>\t\t\t\t\t\t<\/div>\n\t\t\t\t<\/div>\n\t\t\t\t\t<\/div>\n\t\t<\/div>\n\t\t\t\t<div class=\"elementor-column elementor-col-33 elementor-top-column elementor-element elementor-element-76c88fb\" data-id=\"76c88fb\" data-element_type=\"column\">\n\t\t\t<div class=\"elementor-widget-wrap elementor-element-populated\">\n\t\t\t\t\t\t\t\t<div class=\"elementor-element elementor-element-20f7ab5 elementor-widget elementor-widget-text-editor\" data-id=\"20f7ab5\" data-element_type=\"widget\" data-widget_type=\"text-editor.default\">\n\t\t\t\t<div class=\"elementor-widget-container\">\n\t\t\t\t\t\t\t<p><span style=\"text-decoration: underline;\"><em><strong>\u0130leti\u015fim:<\/strong><\/em><\/span><\/p><p><strong>Telefon:<\/strong> 0541 397 55 79<\/p><p><strong>E-Posta:\u00a0<\/strong><\/p><p>halilarslankaya@gmail.com<strong><br \/><\/strong><\/p><p>\u00a0<\/p>\t\t\t\t\t\t<\/div>\n\t\t\t\t<\/div>\n\t\t\t\t\t<\/div>\n\t\t<\/div>\n\t\t\t\t\t\t\t<\/div>\n\t\t<\/section>\n\t\t\t\t<section class=\"elementor-section elementor-top-section elementor-element elementor-element-57deb7f elementor-section-boxed elementor-section-height-default elementor-section-height-default\" data-id=\"57deb7f\" data-element_type=\"section\">\n\t\t\t\t\t\t<div class=\"elementor-container elementor-column-gap-default\">\n\t\t\t\t\t<div class=\"elementor-column elementor-col-100 elementor-top-column elementor-element elementor-element-b98c92c\" data-id=\"b98c92c\" data-element_type=\"column\">\n\t\t\t<div class=\"elementor-widget-wrap elementor-element-populated\">\n\t\t\t\t\t\t\t\t<div class=\"elementor-element elementor-element-35a08d6 elementor-widget elementor-widget-google_maps\" data-id=\"35a08d6\" data-element_type=\"widget\" data-widget_type=\"google_maps.default\">\n\t\t\t\t<div class=\"elementor-widget-container\">\n\t\t\t\t\t<div class=\"elementor-custom-embed\">\n\t\t\t<iframe frameborder=\"0\" scrolling=\"no\" marginheight=\"0\" marginwidth=\"0\"\n\t\t\t\t\tsrc=\"https:\/\/maps.google.com\/maps?q=Doktor%20Halil%20Arslankaya&#038;t=m&#038;z=15&#038;output=embed&#038;iwloc=near\"\n\t\t\t\t\ttitle=\"Doktor Halil Arslankaya\"\n\t\t\t\t\taria-label=\"Doktor Halil Arslankaya\"\n\t\t\t><\/iframe>\n\t\t<\/div>\n\t\t\t\t<\/div>\n\t\t\t\t<\/div>\n\t\t\t\t\t<\/div>\n\t\t<\/div>\n\t\t\t\t\t\t\t<\/div>\n\t\t<\/section>\n\t\t\t\t<section class=\"elementor-section elementor-top-section elementor-element elementor-element-d689aea elementor-section-boxed elementor-section-height-default elementor-section-height-default\" data-id=\"d689aea\" data-element_type=\"section\" data-settings=\"{&quot;background_background&quot;:&quot;classic&quot;}\">\n\t\t\t\t\t\t<div class=\"elementor-container elementor-column-gap-default\">\n\t\t\t\t\t<div class=\"elementor-column elementor-col-100 elementor-top-column elementor-element elementor-element-d81c79f\" data-id=\"d81c79f\" data-element_type=\"column\">\n\t\t\t<div class=\"elementor-widget-wrap elementor-element-populated\">\n\t\t\t\t\t\t\t\t<div class=\"elementor-element elementor-element-dc5831a elementor-widget elementor-widget-heading\" data-id=\"dc5831a\" data-element_type=\"widget\" data-widget_type=\"heading.default\">\n\t\t\t\t<div class=\"elementor-widget-container\">\n\t\t\t<h3 class=\"elementor-heading-title elementor-size-default\">\u0130leti\u015fime Ge\u00e7<\/h3>\t\t<\/div>\n\t\t\t\t<\/div>\n\t\t\t\t<div class=\"elementor-element elementor-element-64ba06c elementor-widget elementor-widget-shortcode\" data-id=\"64ba06c\" data-element_type=\"widget\" data-widget_type=\"shortcode.default\">\n\t\t\t\t<div class=\"elementor-widget-container\">\n\t\t\t\t\t<div class=\"elementor-shortcode\">\n<div class=\"wpcf7 no-js\" id=\"wpcf7-f239-o1\" lang=\"en-US\" dir=\"ltr\">\n<div class=\"screen-reader-response\"><p role=\"status\" aria-live=\"polite\" aria-atomic=\"true\"><\/p> <ul><\/ul><\/div>\n<form action=\"\/index.php?rest_route=%2Fwp%2Fv2%2Fpages%2F12#wpcf7-f239-o1\" method=\"post\" class=\"wpcf7-form init\" aria-label=\"Contact form\" novalidate=\"novalidate\" data-status=\"init\">\n<div style=\"display: none;\">\n<input type=\"hidden\" name=\"_wpcf7\" value=\"239\" \/>\n<input type=\"hidden\" name=\"_wpcf7_version\" value=\"5.7.7\" \/>\n<input type=\"hidden\" name=\"_wpcf7_locale\" value=\"en_US\" \/>\n<input type=\"hidden\" name=\"_wpcf7_unit_tag\" value=\"wpcf7-f239-o1\" \/>\n<input type=\"hidden\" name=\"_wpcf7_container_post\" value=\"0\" \/>\n<input type=\"hidden\" name=\"_wpcf7_posted_data_hash\" value=\"\" \/>\n<\/div>\n<p><span class=\"wpcf7-form-control-wrap\" data-name=\"your-name\"><input size=\"40\" class=\"wpcf7-form-control wpcf7-text wpcf7-validates-as-required\" aria-required=\"true\" aria-invalid=\"false\" placeholder=\"\u0130sim-Soyisim*\" value=\"\" type=\"text\" name=\"your-name\" \/><\/span><br \/>\n<span class=\"wpcf7-form-control-wrap\" data-name=\"your-email\"><input size=\"40\" class=\"wpcf7-form-control wpcf7-text wpcf7-email wpcf7-validates-as-required wpcf7-validates-as-email\" aria-required=\"true\" aria-invalid=\"false\" placeholder=\"E-Posta*\" value=\"\" type=\"email\" name=\"your-email\" \/><\/span><br \/>\n<span class=\"wpcf7-form-control-wrap\" data-name=\"your-message\"><textarea cols=\"40\" rows=\"10\" class=\"wpcf7-form-control wpcf7-textarea\" aria-invalid=\"false\" placeholder=\"Mesaj\" name=\"your-message\"><\/textarea><\/span>\n<\/p>\n<div class = \"row\" style=\"justify-content:center;\">\n\t<div class=\"col form-submit-wrapper\">\n\t\t<p><input class=\"wpcf7-form-control has-spinner wpcf7-submit\" type=\"submit\" value=\"G\u00f6nder\" \/>\n\t\t<\/p>\n\t<\/div>\n<\/div><div class=\"wpcf7-response-output\" aria-hidden=\"true\"><\/div>\n<\/form>\n<\/div>\n<\/div>\n\t\t\t\t<\/div>\n\t\t\t\t<\/div>\n\t\t\t\t\t<\/div>\n\t\t<\/div>\n\t\t\t\t\t\t\t<\/div>\n\t\t<\/section>\n\t\t\t\t\t\t<\/div>\n\t\t\t\t\t<\/div>\n\t\t","protected":false},"excerpt":{"rendered":"<p>Adres: Yahyakaptan, \u015eht. Ali \u0130hsan \u00c7akmak Sk. No:10 Kat:1, 41100 \u0130zmit\/Kocaeli \u00c7al\u0131\u015fma Saatleri: Pzt: 09:00\u201318:00Sal: 09:00\u201318:00\u00c7ar: 09:00\u201318:00Per: 09:00\u201318:00Cum: 09:00\u201318:00Cmt: 09:00\u201318:00Paz: Kapal\u0131 \u00a0 \u00a0 \u0130leti\u015fim: Telefon: 0541 397 55 79 E-Posta:\u00a0 halilarslankaya@gmail.com \u00a0 \u0130leti\u015fime Ge\u00e7<\/p>\n","protected":false},"author":1,"featured_media":0,"parent":0,"menu_order":0,"comment_status":"closed","ping_status":"closed","template":"page-templates\/fullwidth-content.php","meta":{"om_disable_all_campaigns":false,"_monsterinsights_skip_tracking":false,"_monsterinsights_sitenote_active":false,"_monsterinsights_sitenote_note":"","_monsterinsights_sitenote_category":0},"yoast_head":"<!-- This site is optimized with the Yoast SEO plugin v17.4 - https:\/\/yoast.com\/wordpress\/plugins\/seo\/ -->\n<title>\u0130leti\u015fim - Dr. Halil Arslankaya<\/title>\n<meta name=\"robots\" content=\"index, follow, max-snippet:-1, max-image-preview:large, max-video-preview:-1\" \/>\n<link rel=\"canonical\" href=\"https:\/\/drhalilarslankaya.com\/?page_id=12\" \/>\n<meta property=\"og:locale\" content=\"en_US\" \/>\n<meta property=\"og:type\" content=\"article\" \/>\n<meta property=\"og:title\" content=\"\u0130leti\u015fim - Dr. Halil Arslankaya\" \/>\n<meta property=\"og:description\" content=\"Adres: Yahyakaptan, \u015eht. Ali \u0130hsan \u00c7akmak Sk. No:10 Kat:1, 41100 \u0130zmit\/Kocaeli \u00c7al\u0131\u015fma Saatleri: Pzt: 09:00\u201318:00Sal: 09:00\u201318:00\u00c7ar: 09:00\u201318:00Per: 09:00\u201318:00Cum: 09:00\u201318:00Cmt: 09:00\u201318:00Paz: Kapal\u0131 \u00a0 \u00a0 \u0130leti\u015fim: Telefon: 0541 397 55 79 E-Posta:\u00a0 halilarslankaya@gmail.com \u00a0 \u0130leti\u015fime Ge\u00e7\" \/>\n<meta property=\"og:url\" content=\"https:\/\/drhalilarslankaya.com\/?page_id=12\" \/>\n<meta property=\"og:site_name\" content=\"Dr. Halil Arslankaya\" \/>\n<meta property=\"article:modified_time\" content=\"2025-03-21T14:57:37+00:00\" \/>\n<meta name=\"twitter:card\" content=\"summary_large_image\" \/>\n<meta name=\"twitter:label1\" content=\"Est. reading time\" \/>\n\t<meta name=\"twitter:data1\" content=\"1 minute\" \/>\n<script type=\"application\/ld+json\" class=\"yoast-schema-graph\">{\"@context\":\"https:\/\/schema.org\",\"@graph\":[{\"@type\":\"WebSite\",\"@id\":\"https:\/\/drhalilarslankaya.com\/#website\",\"url\":\"https:\/\/drhalilarslankaya.com\/\",\"name\":\"Dr. Halil Arslankaya\",\"description\":\"\\u00c7ocuk Sa\\u011fl\\u0131\\u011f\\u0131 ve Hastal\\u0131klar\\u0131 Uzman\\u0131\",\"potentialAction\":[{\"@type\":\"SearchAction\",\"target\":{\"@type\":\"EntryPoint\",\"urlTemplate\":\"https:\/\/drhalilarslankaya.com\/?s={search_term_string}\"},\"query-input\":\"required name=search_term_string\"}],\"inLanguage\":\"en-US\"},{\"@type\":\"WebPage\",\"@id\":\"https:\/\/drhalilarslankaya.com\/?page_id=12#webpage\",\"url\":\"https:\/\/drhalilarslankaya.com\/?page_id=12\",\"name\":\"\\u0130leti\\u015fim - Dr. Halil Arslankaya\",\"isPartOf\":{\"@id\":\"https:\/\/drhalilarslankaya.com\/#website\"},\"datePublished\":\"2019-02-18T13:47:35+00:00\",\"dateModified\":\"2025-03-21T14:57:37+00:00\",\"breadcrumb\":{\"@id\":\"https:\/\/drhalilarslankaya.com\/?page_id=12#breadcrumb\"},\"inLanguage\":\"en-US\",\"potentialAction\":[{\"@type\":\"ReadAction\",\"target\":[\"https:\/\/drhalilarslankaya.com\/?page_id=12\"]}]},{\"@type\":\"BreadcrumbList\",\"@id\":\"https:\/\/drhalilarslankaya.com\/?page_id=12#breadcrumb\",\"itemListElement\":[{\"@type\":\"ListItem\",\"position\":1,\"name\":\"Ana Safya\",\"item\":\"https:\/\/drhalilarslankaya.com\/\"},{\"@type\":\"ListItem\",\"position\":2,\"name\":\"\\u0130leti\\u015fim\"}]}]}<\/script>\n<!-- \/ Yoast SEO plugin. -->","yoast_head_json":{"title":"\u0130leti\u015fim - Dr. Halil Arslankaya","robots":{"index":"index","follow":"follow","max-snippet":"max-snippet:-1","max-image-preview":"max-image-preview:large","max-video-preview":"max-video-preview:-1"},"canonical":"https:\/\/drhalilarslankaya.com\/?page_id=12","og_locale":"en_US","og_type":"article","og_title":"\u0130leti\u015fim - Dr. Halil Arslankaya","og_description":"Adres: Yahyakaptan, \u015eht. Ali \u0130hsan \u00c7akmak Sk. No:10 Kat:1, 41100 \u0130zmit\/Kocaeli \u00c7al\u0131\u015fma Saatleri: Pzt: 09:00\u201318:00Sal: 09:00\u201318:00\u00c7ar: 09:00\u201318:00Per: 09:00\u201318:00Cum: 09:00\u201318:00Cmt: 09:00\u201318:00Paz: Kapal\u0131 \u00a0 \u00a0 \u0130leti\u015fim: Telefon: 0541 397 55 79 E-Posta:\u00a0 halilarslankaya@gmail.com \u00a0 \u0130leti\u015fime Ge\u00e7","og_url":"https:\/\/drhalilarslankaya.com\/?page_id=12","og_site_name":"Dr. Halil Arslankaya","article_modified_time":"2025-03-21T14:57:37+00:00","twitter_card":"summary_large_image","twitter_misc":{"Est. reading time":"1 minute"},"schema":{"@context":"https:\/\/schema.org","@graph":[{"@type":"WebSite","@id":"https:\/\/drhalilarslankaya.com\/#website","url":"https:\/\/drhalilarslankaya.com\/","name":"Dr. Halil Arslankaya","description":"\u00c7ocuk Sa\u011fl\u0131\u011f\u0131 ve Hastal\u0131klar\u0131 Uzman\u0131","potentialAction":[{"@type":"SearchAction","target":{"@type":"EntryPoint","urlTemplate":"https:\/\/drhalilarslankaya.com\/?s={search_term_string}"},"query-input":"required name=search_term_string"}],"inLanguage":"en-US"},{"@type":"WebPage","@id":"https:\/\/drhalilarslankaya.com\/?page_id=12#webpage","url":"https:\/\/drhalilarslankaya.com\/?page_id=12","name":"\u0130leti\u015fim - Dr. Halil Arslankaya","isPartOf":{"@id":"https:\/\/drhalilarslankaya.com\/#website"},"datePublished":"2019-02-18T13:47:35+00:00","dateModified":"2025-03-21T14:57:37+00:00","breadcrumb":{"@id":"https:\/\/drhalilarslankaya.com\/?page_id=12#breadcrumb"},"inLanguage":"en-US","potentialAction":[{"@type":"ReadAction","target":["https:\/\/drhalilarslankaya.com\/?page_id=12"]}]},{"@type":"BreadcrumbList","@id":"https:\/\/drhalilarslankaya.com\/?page_id=12#breadcrumb","itemListElement":[{"@type":"ListItem","position":1,"name":"Ana Safya","item":"https:\/\/drhalilarslankaya.com\/"},{"@type":"ListItem","position":2,"name":"\u0130leti\u015fim"}]}]}},"_links":{"self":[{"href":"https:\/\/drhalilarslankaya.com\/index.php?rest_route=\/wp\/v2\/pages\/12"}],"collection":[{"href":"https:\/\/drhalilarslankaya.com\/index.php?rest_route=\/wp\/v2\/pages"}],"about":[{"href":"https:\/\/drhalilarslankaya.com\/index.php?rest_route=\/wp\/v2\/types\/page"}],"author":[{"embeddable":true,"href":"https:\/\/drhalilarslankaya.com\/index.php?rest_route=\/wp\/v2\/users\/1"}],"replies":[{"embeddable":true,"href":"https:\/\/drhalilarslankaya.com\/index.php?rest_route=%2Fwp%2Fv2%2Fcomments&post=12"}],"version-history":[{"count":18,"href":"https:\/\/drhalilarslankaya.com\/index.php?rest_route=\/wp\/v2\/pages\/12\/revisions"}],"predecessor-version":[{"id":600,"href":"https:\/\/drhalilarslankaya.com\/index.php?rest_route=\/wp\/v2\/pages\/12\/revisions\/600"}],"wp:attachment":[{"href":"https:\/\/drhalilarslankaya.com\/index.php?rest_route=%2Fwp%2Fv2%2Fmedia&parent=12"}],"curies":[{"name":"wp","href":"https:\/\/api.w.org\/{rel}","templated":true}]}}